{"id":1319,"date":"2025-08-23T11:31:31","date_gmt":"2025-08-23T11:31:31","guid":{"rendered":"https:\/\/gurzil.fr\/legal-notices\/"},"modified":"2025-10-20T14:48:45","modified_gmt":"2025-10-20T14:48:45","slug":"legal-notices","status":"publish","type":"page","link":"https:\/\/gurzil.fr\/en\/legal-notices\/","title":{"rendered":"Legal notices"},"content":{"rendered":"\t\t<div data-elementor-type=\"wp-page\" data-elementor-id=\"1319\" class=\"elementor elementor-1319 elementor-56\" data-elementor-post-type=\"page\">\n\t\t\t\t<div class=\"elementor-element elementor-element-502765d e-flex e-con-boxed e-con e-parent\" data-id=\"502765d\" data-element_type=\"container\">\n\t\t\t\t\t<div class=\"e-con-inner\">\n\t\t\t\t<div class=\"elementor-element elementor-element-bfd3b99 elementor-widget elementor-widget-heading\" data-id=\"bfd3b99\" data-element_type=\"widget\" data-widget_type=\"heading.default\">\n\t\t\t\t\t<h2 class=\"elementor-heading-title elementor-size-default\">Legal notices<\/h2>\t\t\t\t<\/div>\n\t\t\t\t\t<\/div>\n\t\t\t\t<\/div>\n\t\t<div class=\"elementor-element elementor-element-9b03e5d e-flex e-con-boxed e-con e-parent\" data-id=\"9b03e5d\" data-element_type=\"container\">\n\t\t\t\t\t<div class=\"e-con-inner\">\n\t\t\t\t<div class=\"elementor-element elementor-element-6f4e78b elementor-widget elementor-widget-text-editor\" data-id=\"6f4e78b\" data-element_type=\"widget\" data-widget_type=\"text-editor.default\">\n\t\t\t\t\t\t\t\t\t<p>In accordance with the provisions of Articles 6-III and 19 of Law No. 2004-575 of June 21, 2004 on Confidence in the Digital Economy (LCEN), users of the Gurzil International website are hereby informed of the following legal notices.<\/p><h2><strong><img decoding=\"async\" class=\"emoji lazyload\" role=\"img\" draggable=\"false\" data-src=\"https:\/\/s.w.org\/images\/core\/emoji\/16.0.1\/svg\/1f4cc.svg\" alt=\"\ud83d\udccc\" src=\"data:image\/svg+xml;base64,PHN2ZyB3aWR0aD0iMSIgaGVpZ2h0PSIxIiB4bWxucz0iaHR0cDovL3d3dy53My5vcmcvMjAwMC9zdmciPjwvc3ZnPg==\"> Website publisher<\/strong><\/h2><p>Nom de l\u2019entreprise : Gurzil International<br>Forme juridique : SAS<br>Adresse du si\u00e8ge social : 13 bis avenue de La Motte-Picquet 75007 Paris<br>SIRET : 911 196 00015<br>Responsable de la publication : Yuba Rachedi<br>Contact : contact@gurzil.fr<br>Num\u00e9ro de t\u00e9l\u00e9phone : +33 7 43 67 84 24<\/p><h2><strong><img decoding=\"async\" class=\"emoji lazyload\" role=\"img\" draggable=\"false\" data-src=\"https:\/\/s.w.org\/images\/core\/emoji\/16.0.1\/svg\/1f310.svg\" alt=\"\ud83c\udf10\" src=\"data:image\/svg+xml;base64,PHN2ZyB3aWR0aD0iMSIgaGVpZ2h0PSIxIiB4bWxucz0iaHR0cDovL3d3dy53My5vcmcvMjAwMC9zdmciPjwvc3ZnPg==\"> Website host<\/strong><\/h2><p>Name: Hostinger International Ltd<br>Address: 61 Lordou Vironos Street, Larnaca 6023, Cyprus<br>Website: https:\/\/www.hostinger.fr<\/p><h2><strong><img decoding=\"async\" class=\"emoji lazyload\" role=\"img\" draggable=\"false\" data-src=\"https:\/\/s.w.org\/images\/core\/emoji\/16.0.1\/svg\/1f510.svg\" alt=\"\ud83d\udd10\" src=\"data:image\/svg+xml;base64,PHN2ZyB3aWR0aD0iMSIgaGVpZ2h0PSIxIiB4bWxucz0iaHR0cDovL3d3dy53My5vcmcvMjAwMC9zdmciPjwvc3ZnPg==\"> Personal data protection<\/strong><\/h2><p>Personal data collected via the website (contact form, cookies, etc.) is processed in accordance with the General Data Protection Regulation (GDPR).<br>For more information, please see our [Privacy Policy].<\/p><h2><strong><img decoding=\"async\" class=\"emoji lazyload\" role=\"img\" draggable=\"false\" data-src=\"https:\/\/s.w.org\/images\/core\/emoji\/16.0.1\/svg\/2696.svg\" alt=\"\u2696\ufe0f\" src=\"data:image\/svg+xml;base64,PHN2ZyB3aWR0aD0iMSIgaGVpZ2h0PSIxIiB4bWxucz0iaHR0cDovL3d3dy53My5vcmcvMjAwMC9zdmciPjwvc3ZnPg==\"> Intellectual property<\/strong><\/h2><p>The content of the website (text, images, videos, logos, etc.) is the exclusive property of Gurzil International, unless otherwise stated. Any reproduction, distribution, or use without authorization is prohibited.<\/p><h2><strong><img decoding=\"async\" class=\"emoji lazyload\" role=\"img\" draggable=\"false\" data-src=\"https:\/\/s.w.org\/images\/core\/emoji\/16.0.1\/svg\/1f4c4.svg\" alt=\"\ud83d\udcc4\" src=\"data:image\/svg+xml;base64,PHN2ZyB3aWR0aD0iMSIgaGVpZ2h0PSIxIiB4bWxucz0iaHR0cDovL3d3dy53My5vcmcvMjAwMC9zdmciPjwvc3ZnPg==\"> Terms of Use<\/strong><\/h2><p>Use of the site implies full and complete acceptance of the general terms and conditions of use available on the dedicated page.<\/p>\t\t\t\t\t\t\t\t<\/div>\n\t\t\t\t\t<\/div>\n\t\t\t\t<\/div>\n\t\t\t\t<\/div>\n\t\t","protected":false},"excerpt":{"rendered":"<p>Legal notices In accordance with the provisions of Articles 6-III and 19 of Law No. 2004-575 of June 21, 2004 [&hellip;]<\/p>\n","protected":false},"author":1,"featured_media":0,"parent":0,"menu_order":0,"comment_status":"closed","ping_status":"closed","template":"elementor_canvas","meta":{"site-sidebar-layout":"no-sidebar","site-content-layout":"","ast-site-content-layout":"full-width-container","site-content-style":"default","site-sidebar-style":"default","ast-global-header-display":"","ast-banner-title-visibility":"","ast-main-header-display":"","ast-hfb-above-header-display":"","ast-hfb-below-header-display":"","ast-hfb-mobile-header-display":"","site-post-title":"","ast-breadcrumbs-content":"","ast-featured-img":"disabled","footer-sml-layout":"","theme-transparent-header-meta":"","adv-header-id-meta":"","stick-header-meta":"","header-above-stick-meta":"","header-main-stick-meta":"","header-below-stick-meta":"","astra-migrate-meta-layouts":"default","ast-page-background-enabled":"default","ast-page-background-meta":{"desktop":{"background-color":"var(--ast-global-color-5)","background-image":"","background-repeat":"repeat","background-position":"center center","background-size":"auto","background-attachment":"scroll","background-type":"","background-media":"","overlay-type":"","overlay-color":"","overlay-opacity":"","overlay-gradient":""},"tablet":{"background-color":"","background-image":"","background-repeat":"repeat","background-position":"center center","background-size":"auto","background-attachment":"scroll","background-type":"","background-media":"","overlay-type":"","overlay-color":"","overlay-opacity":"","overlay-gradient":""},"mobile":{"background-color":"","background-image":"","background-repeat":"repeat","background-position":"center center","background-size":"auto","background-attachment":"scroll","background-type":"","background-media":"","overlay-type":"","overlay-color":"","overlay-opacity":"","overlay-gradient":""}},"ast-content-background-meta":{"desktop":{"background-color":"var(--ast-global-color-4)","background-image":"","background-repeat":"repeat","background-position":"center center","background-size":"auto","background-attachment":"scroll","background-type":"","background-media":"","overlay-type":"","overlay-color":"","overlay-opacity":"","overlay-gradient":""},"tablet":{"background-color":"var(--ast-global-color-4)","background-image":"","background-repeat":"repeat","background-position":"center center","background-size":"auto","background-attachment":"scroll","background-type":"","background-media":"","overlay-type":"","overlay-color":"","overlay-opacity":"","overlay-gradient":""},"mobile":{"background-color":"var(--ast-global-color-4)","background-image":"","background-repeat":"repeat","background-position":"center center","background-size":"auto","background-attachment":"scroll","background-type":"","background-media":"","overlay-type":"","overlay-color":"","overlay-opacity":"","overlay-gradient":""}},"footnotes":""},"class_list":["post-1319","page","type-page","status-publish","hentry"],"yoast_head":"<!-- This site is optimized with the Yoast SEO plugin v26.7 - https:\/\/yoast.com\/wordpress\/plugins\/seo\/ -->\n<title>Legal notices - Gurzil International<\/title>\n<meta name=\"robots\" content=\"index, follow, max-snippet:-1, max-image-preview:large, max-video-preview:-1\" \/>\n<link rel=\"canonical\" href=\"https:\/\/gurzil.fr\/en\/legal-notices\/\" \/>\n<meta property=\"og:locale\" content=\"en_US\" \/>\n<meta property=\"og:type\" content=\"article\" \/>\n<meta property=\"og:title\" content=\"Legal notices - Gurzil International\" \/>\n<meta property=\"og:description\" content=\"Legal notices In accordance with the provisions of Articles 6-III and 19 of Law No. 2004-575 of June 21, 2004 [&hellip;]\" \/>\n<meta property=\"og:url\" content=\"https:\/\/gurzil.fr\/en\/legal-notices\/\" \/>\n<meta property=\"og:site_name\" content=\"Gurzil International\" \/>\n<meta property=\"article:modified_time\" content=\"2025-10-20T14:48:45+00:00\" \/>\n<meta property=\"og:image\" content=\"https:\/\/s.w.org\/images\/core\/emoji\/16.0.1\/svg\/1f4cc.svg\" \/>\n<meta name=\"twitter:card\" content=\"summary_large_image\" \/>\n<meta name=\"twitter:label1\" content=\"Est. reading time\" \/>\n\t<meta name=\"twitter:data1\" content=\"1 minute\" \/>\n<script type=\"application\/ld+json\" class=\"yoast-schema-graph\">{\"@context\":\"https:\/\/schema.org\",\"@graph\":[{\"@type\":\"WebPage\",\"@id\":\"https:\/\/gurzil.fr\/en\/legal-notices\/\",\"url\":\"https:\/\/gurzil.fr\/en\/legal-notices\/\",\"name\":\"Legal notices - Gurzil International\",\"isPartOf\":{\"@id\":\"https:\/\/gurzil.fr\/#website\"},\"primaryImageOfPage\":{\"@id\":\"https:\/\/gurzil.fr\/en\/legal-notices\/#primaryimage\"},\"image\":{\"@id\":\"https:\/\/gurzil.fr\/en\/legal-notices\/#primaryimage\"},\"thumbnailUrl\":\"https:\/\/s.w.org\/images\/core\/emoji\/16.0.1\/svg\/1f4cc.svg\",\"datePublished\":\"2025-08-23T11:31:31+00:00\",\"dateModified\":\"2025-10-20T14:48:45+00:00\",\"breadcrumb\":{\"@id\":\"https:\/\/gurzil.fr\/en\/legal-notices\/#breadcrumb\"},\"inLanguage\":\"en-US\",\"potentialAction\":[{\"@type\":\"ReadAction\",\"target\":[\"https:\/\/gurzil.fr\/en\/legal-notices\/\"]}]},{\"@type\":\"ImageObject\",\"inLanguage\":\"en-US\",\"@id\":\"https:\/\/gurzil.fr\/en\/legal-notices\/#primaryimage\",\"url\":\"https:\/\/s.w.org\/images\/core\/emoji\/16.0.1\/svg\/1f4cc.svg\",\"contentUrl\":\"https:\/\/s.w.org\/images\/core\/emoji\/16.0.1\/svg\/1f4cc.svg\"},{\"@type\":\"BreadcrumbList\",\"@id\":\"https:\/\/gurzil.fr\/en\/legal-notices\/#breadcrumb\",\"itemListElement\":[{\"@type\":\"ListItem\",\"position\":1,\"name\":\"Accueil\",\"item\":\"https:\/\/gurzil.fr\/\"},{\"@type\":\"ListItem\",\"position\":2,\"name\":\"Legal notices\"}]},{\"@type\":\"WebSite\",\"@id\":\"https:\/\/gurzil.fr\/#website\",\"url\":\"https:\/\/gurzil.fr\/\",\"name\":\"Gurzil International\",\"description\":\"\",\"publisher\":{\"@id\":\"https:\/\/gurzil.fr\/#organization\"},\"potentialAction\":[{\"@type\":\"SearchAction\",\"target\":{\"@type\":\"EntryPoint\",\"urlTemplate\":\"https:\/\/gurzil.fr\/?s={search_term_string}\"},\"query-input\":{\"@type\":\"PropertyValueSpecification\",\"valueRequired\":true,\"valueName\":\"search_term_string\"}}],\"inLanguage\":\"en-US\"},{\"@type\":\"Organization\",\"@id\":\"https:\/\/gurzil.fr\/#organization\",\"name\":\"Gurzil International\",\"url\":\"https:\/\/gurzil.fr\/\",\"logo\":{\"@type\":\"ImageObject\",\"inLanguage\":\"en-US\",\"@id\":\"https:\/\/gurzil.fr\/#\/schema\/logo\/image\/\",\"url\":\"https:\/\/gurzil.fr\/wp-content\/uploads\/2025\/08\/cropped-logo-GURZIL-transparent-horizontal-2.png\",\"contentUrl\":\"https:\/\/gurzil.fr\/wp-content\/uploads\/2025\/08\/cropped-logo-GURZIL-transparent-horizontal-2.png\",\"width\":144,\"height\":48,\"caption\":\"Gurzil International\"},\"image\":{\"@id\":\"https:\/\/gurzil.fr\/#\/schema\/logo\/image\/\"}}]}<\/script>\n<!-- \/ Yoast SEO plugin. -->","yoast_head_json":{"title":"Legal notices - Gurzil International","robots":{"index":"index","follow":"follow","max-snippet":"max-snippet:-1","max-image-preview":"max-image-preview:large","max-video-preview":"max-video-preview:-1"},"canonical":"https:\/\/gurzil.fr\/en\/legal-notices\/","og_locale":"en_US","og_type":"article","og_title":"Legal notices - Gurzil International","og_description":"Legal notices In accordance with the provisions of Articles 6-III and 19 of Law No. 2004-575 of June 21, 2004 [&hellip;]","og_url":"https:\/\/gurzil.fr\/en\/legal-notices\/","og_site_name":"Gurzil International","article_modified_time":"2025-10-20T14:48:45+00:00","og_image":[{"url":"https:\/\/s.w.org\/images\/core\/emoji\/16.0.1\/svg\/1f4cc.svg","type":"","width":"","height":""}],"twitter_card":"summary_large_image","twitter_misc":{"Est. reading time":"1 minute"},"schema":{"@context":"https:\/\/schema.org","@graph":[{"@type":"WebPage","@id":"https:\/\/gurzil.fr\/en\/legal-notices\/","url":"https:\/\/gurzil.fr\/en\/legal-notices\/","name":"Legal notices - Gurzil International","isPartOf":{"@id":"https:\/\/gurzil.fr\/#website"},"primaryImageOfPage":{"@id":"https:\/\/gurzil.fr\/en\/legal-notices\/#primaryimage"},"image":{"@id":"https:\/\/gurzil.fr\/en\/legal-notices\/#primaryimage"},"thumbnailUrl":"https:\/\/s.w.org\/images\/core\/emoji\/16.0.1\/svg\/1f4cc.svg","datePublished":"2025-08-23T11:31:31+00:00","dateModified":"2025-10-20T14:48:45+00:00","breadcrumb":{"@id":"https:\/\/gurzil.fr\/en\/legal-notices\/#breadcrumb"},"inLanguage":"en-US","potentialAction":[{"@type":"ReadAction","target":["https:\/\/gurzil.fr\/en\/legal-notices\/"]}]},{"@type":"ImageObject","inLanguage":"en-US","@id":"https:\/\/gurzil.fr\/en\/legal-notices\/#primaryimage","url":"https:\/\/s.w.org\/images\/core\/emoji\/16.0.1\/svg\/1f4cc.svg","contentUrl":"https:\/\/s.w.org\/images\/core\/emoji\/16.0.1\/svg\/1f4cc.svg"},{"@type":"BreadcrumbList","@id":"https:\/\/gurzil.fr\/en\/legal-notices\/#breadcrumb","itemListElement":[{"@type":"ListItem","position":1,"name":"Accueil","item":"https:\/\/gurzil.fr\/"},{"@type":"ListItem","position":2,"name":"Legal notices"}]},{"@type":"WebSite","@id":"https:\/\/gurzil.fr\/#website","url":"https:\/\/gurzil.fr\/","name":"Gurzil International","description":"","publisher":{"@id":"https:\/\/gurzil.fr\/#organization"},"potentialAction":[{"@type":"SearchAction","target":{"@type":"EntryPoint","urlTemplate":"https:\/\/gurzil.fr\/?s={search_term_string}"},"query-input":{"@type":"PropertyValueSpecification","valueRequired":true,"valueName":"search_term_string"}}],"inLanguage":"en-US"},{"@type":"Organization","@id":"https:\/\/gurzil.fr\/#organization","name":"Gurzil International","url":"https:\/\/gurzil.fr\/","logo":{"@type":"ImageObject","inLanguage":"en-US","@id":"https:\/\/gurzil.fr\/#\/schema\/logo\/image\/","url":"https:\/\/gurzil.fr\/wp-content\/uploads\/2025\/08\/cropped-logo-GURZIL-transparent-horizontal-2.png","contentUrl":"https:\/\/gurzil.fr\/wp-content\/uploads\/2025\/08\/cropped-logo-GURZIL-transparent-horizontal-2.png","width":144,"height":48,"caption":"Gurzil International"},"image":{"@id":"https:\/\/gurzil.fr\/#\/schema\/logo\/image\/"}}]}},"_links":{"self":[{"href":"https:\/\/gurzil.fr\/en\/wp-json\/wp\/v2\/pages\/1319","targetHints":{"allow":["GET"]}}],"collection":[{"href":"https:\/\/gurzil.fr\/en\/wp-json\/wp\/v2\/pages"}],"about":[{"href":"https:\/\/gurzil.fr\/en\/wp-json\/wp\/v2\/types\/page"}],"author":[{"embeddable":true,"href":"https:\/\/gurzil.fr\/en\/wp-json\/wp\/v2\/users\/1"}],"replies":[{"embeddable":true,"href":"https:\/\/gurzil.fr\/en\/wp-json\/wp\/v2\/comments?post=1319"}],"version-history":[{"count":1,"href":"https:\/\/gurzil.fr\/en\/wp-json\/wp\/v2\/pages\/1319\/revisions"}],"predecessor-version":[{"id":1320,"href":"https:\/\/gurzil.fr\/en\/wp-json\/wp\/v2\/pages\/1319\/revisions\/1320"}],"wp:attachment":[{"href":"https:\/\/gurzil.fr\/en\/wp-json\/wp\/v2\/media?parent=1319"}],"curies":[{"name":"wp","href":"https:\/\/api.w.org\/{rel}","templated":true}]}}